{"id":476,"date":"2026-04-09T21:50:33","date_gmt":"2026-04-09T18:50:33","guid":{"rendered":"https:\/\/rotavots.lv\/?post_type=product&#038;p=476"},"modified":"2026-04-09T21:57:53","modified_gmt":"2026-04-09T18:57:53","slug":"driadas-sirds","status":"publish","type":"product","link":"https:\/\/rotavots.lv\/lv\/shop\/rotas\/kaklarotas\/driadas-sirds\/","title":{"rendered":"Dri\u0101das Sirds"},"content":{"rendered":"<ul>\n<li data-path-to-node=\"9,0,0\">Iz\u0161uvuma centr\u0101 skaists, sirds formas <b data-path-to-node=\"9,0,0\" data-index-in-node=\"63\">dab\u012bg\u0101 za\u013c\u0101 avantur\u012bna<\/b> kaba\u0161ons \u2013 akmens, kas simboliz\u0113 veiksmi, harmoniju un sirds siltumu<\/li>\n<li>\n<p data-path-to-node=\"9,1,0\">Kaba\u0161ons ir &#8220;iezied\u0113jis&#8221; smalk\u0101 s\u0113kli\u0146p\u0113rl\u012b\u0161u r\u0101m\u012bt\u012b. Kompoz\u012bciju bag\u0101tina ant\u012bk\u0101s bronzas met\u0101la lapi\u0146as un smalks stikla ziedi\u0146\u0161, radot romantisku reljefu<\/p>\n<\/li>\n<li>\n<p data-path-to-node=\"9,2,0\">Zem bag\u0101t\u012bg\u0101 iz\u0161uvuma br\u012bvi \u0161\u016bpojas elegants, tum\u0161i za\u013c\u0161 dab\u012bg\u0101 ah\u0101ta piliens, pie\u0161\u0137irot rotai skaistu kritumu. Kulona izm\u0113rs 9 x 5 cm<\/p>\n<\/li>\n<li>\n<p data-path-to-node=\"9,3,0\">Aug\u0161da\u013ca sast\u0101v no div\u0101m smalk\u0101m spir\u0101lveida N&#8217;debele p\u0113rl\u012b\u0161u virv\u0113m<\/p>\n<\/li>\n<\/ul>\n<p>Unik\u0101la &#8220;statement&#8221; rota, kas vienl\u012bdz labi piest\u0101v\u0113s gan vasaras lina kleitai, gan sild\u012bs ziemas vakaros pie \u0113rta, rupja ad\u012bjuma d\u017eempera<\/p>\n","protected":false},"excerpt":{"rendered":"<p>Klusa me\u017ea smar\u017ea, s\u016bnu m\u012bkstums un r\u012bta rasa&#8230; Rad\u012bta, lai justu saikni ar dabu un atrastu rotu ar dv\u0113seli<\/p>\n","protected":false},"featured_media":477,"comment_status":"open","ping_status":"closed","template":"","meta":[],"product_brand":[],"product_cat":[25,22],"product_tag":[],"class_list":{"0":"post-476","1":"product","2":"type-product","3":"status-publish","4":"has-post-thumbnail","6":"product_cat-kaklarotas","7":"product_cat-rotas","9":"first","10":"instock","11":"sold-individually","12":"shipping-taxable","13":"purchasable","14":"product-type-simple"},"_links":{"self":[{"href":"https:\/\/rotavots.lv\/lv\/wp-json\/wp\/v2\/product\/476","targetHints":{"allow":["GET"]}}],"collection":[{"href":"https:\/\/rotavots.lv\/lv\/wp-json\/wp\/v2\/product"}],"about":[{"href":"https:\/\/rotavots.lv\/lv\/wp-json\/wp\/v2\/types\/product"}],"replies":[{"embeddable":true,"href":"https:\/\/rotavots.lv\/lv\/wp-json\/wp\/v2\/comments?post=476"}],"wp:featuredmedia":[{"embeddable":true,"href":"https:\/\/rotavots.lv\/lv\/wp-json\/wp\/v2\/media\/477"}],"wp:attachment":[{"href":"https:\/\/rotavots.lv\/lv\/wp-json\/wp\/v2\/media?parent=476"}],"wp:term":[{"taxonomy":"product_brand","embeddable":true,"href":"https:\/\/rotavots.lv\/lv\/wp-json\/wp\/v2\/product_brand?post=476"},{"taxonomy":"product_cat","embeddable":true,"href":"https:\/\/rotavots.lv\/lv\/wp-json\/wp\/v2\/product_cat?post=476"},{"taxonomy":"product_tag","embeddable":true,"href":"https:\/\/rotavots.lv\/lv\/wp-json\/wp\/v2\/product_tag?post=476"}],"curies":[{"name":"wp","href":"https:\/\/api.w.org\/{rel}","templated":true}]}}