{"id":473,"date":"2026-04-09T21:04:52","date_gmt":"2026-04-09T18:04:52","guid":{"rendered":"https:\/\/rotavots.lv\/?post_type=product&#038;p=473"},"modified":"2026-04-09T21:04:52","modified_gmt":"2026-04-09T18:04:52","slug":"sleptais-lidojums","status":"publish","type":"product","link":"https:\/\/rotavots.lv\/lv\/shop\/rotas\/kaklarotas\/sleptais-lidojums\/","title":{"rendered":"Sl\u0113ptais Lidojums"},"content":{"rendered":"<p>Rotas centr\u0101lais elements &#8211; tum\u0161i zils piliena formas lazur\u012bta akmens, kas iestr\u0101d\u0101ts me\u017e\u0123\u012b\u0146u &#8220;Preciosa&#8221; p\u0113rl\u012b\u0161u r\u0101m\u012bti. Kulona izm\u0113rs 9,5 x 4,5 cm<\/p>\n<p>Kaklarotas aug\u0161\u0113j\u0101 da\u013ca ir veidota kvadr\u0101tveida pinuma tehnik\u0101 un t\u0101, t\u0101pat k\u0101 ap\u0161\u016btais lazur\u012bta akmens, nav vienk\u0101r\u0161i vienkr\u0101saina &#8211; to atsvaidzina gai\u0161i zilu p\u0113rl\u012b\u0161u raksts<\/p>\n<p>Rota br\u012bni\u0161\u0137\u012bgi izcelsies uz balta, pel\u0113ka vai melna fona<\/p>\n","protected":false},"excerpt":{"rendered":"<p>Dzi\u013c\u0161 klusums un miers un naksn\u012bgas debesis&#8230; un te es vi\u0146u ieraudz\u012bju&#8230; Ieraudz\u012bju to sudraba tauri\u0146u, kas laidel\u0113j\u0101s tums\u0101 sl\u0113pdamies<\/p>\n","protected":false},"featured_media":474,"comment_status":"open","ping_status":"closed","template":"","meta":[],"product_brand":[],"product_cat":[25,22],"product_tag":[],"class_list":{"0":"post-473","1":"product","2":"type-product","3":"status-publish","4":"has-post-thumbnail","6":"product_cat-kaklarotas","7":"product_cat-rotas","9":"first","10":"instock","11":"sold-individually","12":"shipping-taxable","13":"purchasable","14":"product-type-simple"},"_links":{"self":[{"href":"https:\/\/rotavots.lv\/lv\/wp-json\/wp\/v2\/product\/473","targetHints":{"allow":["GET"]}}],"collection":[{"href":"https:\/\/rotavots.lv\/lv\/wp-json\/wp\/v2\/product"}],"about":[{"href":"https:\/\/rotavots.lv\/lv\/wp-json\/wp\/v2\/types\/product"}],"replies":[{"embeddable":true,"href":"https:\/\/rotavots.lv\/lv\/wp-json\/wp\/v2\/comments?post=473"}],"wp:featuredmedia":[{"embeddable":true,"href":"https:\/\/rotavots.lv\/lv\/wp-json\/wp\/v2\/media\/474"}],"wp:attachment":[{"href":"https:\/\/rotavots.lv\/lv\/wp-json\/wp\/v2\/media?parent=473"}],"wp:term":[{"taxonomy":"product_brand","embeddable":true,"href":"https:\/\/rotavots.lv\/lv\/wp-json\/wp\/v2\/product_brand?post=473"},{"taxonomy":"product_cat","embeddable":true,"href":"https:\/\/rotavots.lv\/lv\/wp-json\/wp\/v2\/product_cat?post=473"},{"taxonomy":"product_tag","embeddable":true,"href":"https:\/\/rotavots.lv\/lv\/wp-json\/wp\/v2\/product_tag?post=473"}],"curies":[{"name":"wp","href":"https:\/\/api.w.org\/{rel}","templated":true}]}}