{"id":258,"date":"2026-04-08T21:50:38","date_gmt":"2026-04-08T18:50:38","guid":{"rendered":"https:\/\/rotavots.lv\/?post_type=product&#038;p=258"},"modified":"2026-04-08T21:51:24","modified_gmt":"2026-04-08T18:51:24","slug":"saules-labirints","status":"publish","type":"product","link":"https:\/\/rotavots.lv\/lv\/shop\/rotas\/kaklarotas\/saules-labirints\/","title":{"rendered":"Saules Labirints"},"content":{"rendered":"<p data-path-to-node=\"5\">\u0160\u012bs ekskluz\u012bv\u0101s kaklarotas kr\u0101su palete ir k\u0101 rad\u012bta, lai iedvesmotu:<\/p>\n<ul data-path-to-node=\"7\">\n<li>\n<p data-path-to-node=\"7,0,0\"><b data-path-to-node=\"7,0,0\" data-index-in-node=\"0\">Spilgti dzeltenais un sul\u012bgi oran\u017eais<\/b> tonis ienes dizain\u0101 drosmi, prieku un vasar\u012bgu vieglumu<\/p>\n<\/li>\n<li>\n<p data-path-to-node=\"7,1,0\"><b data-path-to-node=\"7,1,0\" data-index-in-node=\"0\">Met\u0101liski br\u016bnais &#8220;picaso&#8221; tonis <\/b>veido raksta kont\u016bras, pie\u0161\u0137irot rotai strukt\u016bru, dzi\u013cumu un ant\u012bku eleganci<\/p>\n<\/li>\n<\/ul>\n<p data-path-to-node=\"10\"><b data-path-to-node=\"10\" data-index-in-node=\"0\">Rota<\/b> ir ne tikai vizu\u0101li baud\u0101ma, bet ar\u012b taustei pat\u012bkama.<\/p>\n","protected":false},"excerpt":{"rendered":"<p>Vai ir iesp\u0113jams n\u0113s\u0101t l\u012bdzi Saules siltumu pat vispel\u0113k\u0101kaj\u0101 dien\u0101? \u0160\u012b rota pier\u0101da, ka ir! Izteiksm\u012bga, ener\u0123ijas pilna un meistar\u012bgi rad\u012bta \u2013 \u0161\u012b kaklarota ir k\u0101 rad\u012bta sievietei, kura nebaid\u0101s izcelties un nov\u0113rt\u0113 izsmalcin\u0101tu roku darbu<\/p>\n","protected":false},"featured_media":259,"comment_status":"open","ping_status":"closed","template":"","meta":[],"product_brand":[],"product_cat":[25,22],"product_tag":[],"class_list":{"0":"post-258","1":"product","2":"type-product","3":"status-publish","4":"has-post-thumbnail","6":"product_cat-kaklarotas","7":"product_cat-rotas","9":"first","10":"instock","11":"sold-individually","12":"shipping-taxable","13":"purchasable","14":"product-type-simple"},"_links":{"self":[{"href":"https:\/\/rotavots.lv\/lv\/wp-json\/wp\/v2\/product\/258","targetHints":{"allow":["GET"]}}],"collection":[{"href":"https:\/\/rotavots.lv\/lv\/wp-json\/wp\/v2\/product"}],"about":[{"href":"https:\/\/rotavots.lv\/lv\/wp-json\/wp\/v2\/types\/product"}],"replies":[{"embeddable":true,"href":"https:\/\/rotavots.lv\/lv\/wp-json\/wp\/v2\/comments?post=258"}],"wp:featuredmedia":[{"embeddable":true,"href":"https:\/\/rotavots.lv\/lv\/wp-json\/wp\/v2\/media\/259"}],"wp:attachment":[{"href":"https:\/\/rotavots.lv\/lv\/wp-json\/wp\/v2\/media?parent=258"}],"wp:term":[{"taxonomy":"product_brand","embeddable":true,"href":"https:\/\/rotavots.lv\/lv\/wp-json\/wp\/v2\/product_brand?post=258"},{"taxonomy":"product_cat","embeddable":true,"href":"https:\/\/rotavots.lv\/lv\/wp-json\/wp\/v2\/product_cat?post=258"},{"taxonomy":"product_tag","embeddable":true,"href":"https:\/\/rotavots.lv\/lv\/wp-json\/wp\/v2\/product_tag?post=258"}],"curies":[{"name":"wp","href":"https:\/\/api.w.org\/{rel}","templated":true}]}}