{"id":184,"date":"2026-04-08T15:39:17","date_gmt":"2026-04-08T12:39:17","guid":{"rendered":"https:\/\/rotavots.lv\/?post_type=product&#038;p=184"},"modified":"2026-04-08T17:32:20","modified_gmt":"2026-04-08T14:32:20","slug":"kaklarota-ar-meandru","status":"publish","type":"product","link":"https:\/\/rotavots.lv\/lv\/shop\/rotas\/kaklarotas\/kaklarota-ar-meandru\/","title":{"rendered":"Kaklarota ar meandru"},"content":{"rendered":"<p>Kaklarota ar klasisku grie\u0137u ornamentu \u2013 meandru jeb taisnos le\u0146\u0137os lauztas l\u012bnijas rakstu. Bie\u017ei vien meandra simbolu saista ar labirintu, mekl\u0113jumiem un atgrie\u0161anos vai ar\u012b k\u0101 m\u016b\u017e\u012bbas un cikliskuma att\u0113lojumu<\/p>\n","protected":false},"excerpt":{"rendered":"<p>Kaklarot\u0101 ir izmantotas skaistas un kvalitat\u012bvas Jap\u0101nas &#8220;Miyuki&#8221; s\u0113kli\u0146p\u0113rl\u012btes. \u0160eit ir gan klasiski balt\u0101, gan puscaursp\u012bd\u012bga vani\u013cas kr\u0101sas, gan raib\u0101s \u201cpicaso\u201d p\u0113rl\u012btes ar tum\u0161i zilu pamata toni<\/p>\n","protected":false},"featured_media":189,"comment_status":"open","ping_status":"closed","template":"","meta":[],"product_brand":[],"product_cat":[25,22],"product_tag":[],"class_list":{"0":"post-184","1":"product","2":"type-product","3":"status-publish","4":"has-post-thumbnail","6":"product_cat-kaklarotas","7":"product_cat-rotas","9":"first","10":"instock","11":"sold-individually","12":"shipping-taxable","13":"purchasable","14":"product-type-simple"},"_links":{"self":[{"href":"https:\/\/rotavots.lv\/lv\/wp-json\/wp\/v2\/product\/184","targetHints":{"allow":["GET"]}}],"collection":[{"href":"https:\/\/rotavots.lv\/lv\/wp-json\/wp\/v2\/product"}],"about":[{"href":"https:\/\/rotavots.lv\/lv\/wp-json\/wp\/v2\/types\/product"}],"replies":[{"embeddable":true,"href":"https:\/\/rotavots.lv\/lv\/wp-json\/wp\/v2\/comments?post=184"}],"wp:featuredmedia":[{"embeddable":true,"href":"https:\/\/rotavots.lv\/lv\/wp-json\/wp\/v2\/media\/189"}],"wp:attachment":[{"href":"https:\/\/rotavots.lv\/lv\/wp-json\/wp\/v2\/media?parent=184"}],"wp:term":[{"taxonomy":"product_brand","embeddable":true,"href":"https:\/\/rotavots.lv\/lv\/wp-json\/wp\/v2\/product_brand?post=184"},{"taxonomy":"product_cat","embeddable":true,"href":"https:\/\/rotavots.lv\/lv\/wp-json\/wp\/v2\/product_cat?post=184"},{"taxonomy":"product_tag","embeddable":true,"href":"https:\/\/rotavots.lv\/lv\/wp-json\/wp\/v2\/product_tag?post=184"}],"curies":[{"name":"wp","href":"https:\/\/api.w.org\/{rel}","templated":true}]}}