{"id":99,"date":"2026-04-07T18:09:12","date_gmt":"2026-04-07T15:09:12","guid":{"rendered":"https:\/\/rotavots.lv\/?post_type=product&#038;p=99"},"modified":"2026-04-08T21:53:38","modified_gmt":"2026-04-08T18:53:38","slug":"akmens-lausku-un-plaisata-stikla-kaklarota","status":"publish","type":"product","link":"https:\/\/rotavots.lv\/en\/shop\/rotas\/akmens-lausku-un-plaisata-stikla-kaklarota\/","title":{"rendered":"Akmens Lausku un Plais\u0101ta Stikla Kaklarota"},"content":{"rendered":"<p>Kaklarota no mat\u0113ta plais\u0101ta stikla, glieme\u017ev\u0101ku diskiem, zili za\u013c\u0101m akmens lausk\u0101m un tikpat zili za\u013cu statisku kulonu sirsni\u0146as form\u0101. K\u0101 ar\u012b ner\u016bs\u0113jo\u0161\u0101 t\u0113rauda \u0137\u0113d\u012bte.<\/p>","protected":false},"excerpt":{"rendered":"<p>Kaklarota no mat\u0113ta plais\u0101ta stikla, glieme\u017ev\u0101ku diskiem, zili za\u013c\u0101m akmens lausk\u0101m un tikpat zili za\u013cu statisku kulonu sirsni\u0146as form\u0101. K\u0101 ar\u012b ner\u016bs\u0113jo\u0161\u0101 t\u0113rauda \u0137\u0113d\u012bte.<\/p>","protected":false},"featured_media":100,"comment_status":"open","ping_status":"closed","template":"","meta":[],"product_brand":[],"product_cat":[22],"product_tag":[],"class_list":{"0":"post-99","1":"product","2":"type-product","3":"status-publish","4":"has-post-thumbnail","6":"product_cat-rotas","8":"first","9":"instock","10":"sold-individually","11":"shipping-taxable","12":"purchasable","13":"product-type-simple"},"_links":{"self":[{"href":"https:\/\/rotavots.lv\/en\/wp-json\/wp\/v2\/product\/99","targetHints":{"allow":["GET"]}}],"collection":[{"href":"https:\/\/rotavots.lv\/en\/wp-json\/wp\/v2\/product"}],"about":[{"href":"https:\/\/rotavots.lv\/en\/wp-json\/wp\/v2\/types\/product"}],"replies":[{"embeddable":true,"href":"https:\/\/rotavots.lv\/en\/wp-json\/wp\/v2\/comments?post=99"}],"wp:featuredmedia":[{"embeddable":true,"href":"https:\/\/rotavots.lv\/en\/wp-json\/wp\/v2\/media\/100"}],"wp:attachment":[{"href":"https:\/\/rotavots.lv\/en\/wp-json\/wp\/v2\/media?parent=99"}],"wp:term":[{"taxonomy":"product_brand","embeddable":true,"href":"https:\/\/rotavots.lv\/en\/wp-json\/wp\/v2\/product_brand?post=99"},{"taxonomy":"product_cat","embeddable":true,"href":"https:\/\/rotavots.lv\/en\/wp-json\/wp\/v2\/product_cat?post=99"},{"taxonomy":"product_tag","embeddable":true,"href":"https:\/\/rotavots.lv\/en\/wp-json\/wp\/v2\/product_tag?post=99"}],"curies":[{"name":"wp","href":"https:\/\/api.w.org\/{rel}","templated":true}]}}