{"id":480,"date":"2026-04-10T07:41:38","date_gmt":"2026-04-10T04:41:38","guid":{"rendered":"https:\/\/rotavots.lv\/?post_type=product&#038;p=480"},"modified":"2026-04-10T08:17:19","modified_gmt":"2026-04-10T05:17:19","slug":"tris-velesanas-parize","status":"publish","type":"product","link":"https:\/\/rotavots.lv\/en\/shop\/rotas\/kaklarotas\/tris-velesanas-parize\/","title":{"rendered":"Tr\u012bs V\u0113l\u0113\u0161an\u0101s Par\u012bz\u0113"},"content":{"rendered":"<ul>\n<li data-path-to-node=\"2,4,0,0\">Kaklarotas centr\u0101 ir viegls dizaina kaba\u0161ons persiku to\u0146os, kur\u0101 iekusu\u0161ie zelta folijas akcenti atkl\u0101j miniat\u016bru Eife\u013ca tor\u0146a siluetu<\/li>\n<li>\n<p data-path-to-node=\"2,4,1,0\"><b data-path-to-node=\"2,4,1,0\" data-index-in-node=\"0\">Talismans:<\/b> Iz\u0161uvuma apak\u0161da\u013cu grezno ant\u012bk\u0101s bronzas &#8220;zelta zivti\u0146a&#8221; \u2013 klasisks veiksmes un sap\u0146u piepild\u012b\u0161an\u0101s simbols, zem kuras \u0161\u016bpojas elegants pres\u0113t\u0101 \u010cehijas stikla glieme\u017ev\u0101ks<\/p>\n<\/li>\n<li>\n<p data-path-to-node=\"2,4,2,0\">Centr\u0101lais elements ir grezni ier\u0101m\u0113ts <b data-path-to-node=\"2,4,2,0\" data-index-in-node=\"71\">\u010cehijas stikla p\u0113rl\u012b\u0161u un krist\u0101lu<\/b> iz\u0161uvum\u0101, kur naksn\u012bgi zilie to\u0146i mijas ar silto bronzu un zeltu<\/p>\n<\/li>\n<li>\n<p data-path-to-node=\"2,4,3,0\">Kaklarotas aug\u0161da\u013ca ir izveidota kvadr\u0101tveida pinuma tehnik\u0101, radot iztur\u012bgu virvi, kas ar mas\u012bviem, sl\u0113gtiem bronzas ri\u0146\u0137iem savienojas ar kulonu, pie\u0161\u0137irot dizainam \u012bstu <i data-path-to-node=\"2,4,3,0\" data-index-in-node=\"224\">vintage<\/i> \u0161armu<\/p>\n<\/li>\n<\/ul>\n<ul data-path-to-node=\"2,6\">\n<li>\n<p data-path-to-node=\"2,6,0,0\"><b data-path-to-node=\"2,6,0,0\" data-index-in-node=\"0\">Garums:<\/b> 56 cm + 5 cm pagarino\u0161\u0101 \u0137\u0113d\u012bte<\/p>\n<\/li>\n<li>\n<p data-path-to-node=\"2,6,1,0\"><b data-path-to-node=\"2,6,1,0\" data-index-in-node=\"0\">Kulona izm\u0113rs:<\/b> 11 x 5 cm<\/p>\n<\/li>\n<\/ul>\n<p><b data-path-to-node=\"10\" data-index-in-node=\"0\">Tavs stila apgalvojums:<\/b><\/p>\n<p>\u0160\u012b rota ir drosm\u012bga un eklektiska \u2013 t\u0101 apzin\u0101ti atk\u0101pjas no ikdienas minim\u0101lisma r\u0101mjiem, lai k\u013c\u016btu par tavu person\u012bgo stila apgalvojumu un veiksmes talismanu vienuviet. T\u0101 ide\u0101li izcelsies uz vienkr\u0101saina ap\u0123\u0113rba, ienesot tav\u0101 t\u0113l\u0101 Par\u012bzes \u0161armu un izteiktu individualit\u0101ti<\/p>","protected":false},"excerpt":{"rendered":"<p>Naksn\u012bga pastaiga pa Par\u012bzes boh\u0113miskaj\u0101m Monmartras ieli\u0146\u0101m, kur ant\u012bko veikali\u0146u skatlogos sl\u0113pjas \u012bsti br\u012bnumi&#8230; &#8211; izsmalcin\u0101t\u012bba, grezn\u012bba un nosl\u0113pumi no cita gadsimta<\/p>","protected":false},"featured_media":481,"comment_status":"open","ping_status":"closed","template":"","meta":[],"product_brand":[],"product_cat":[25,22],"product_tag":[],"class_list":{"0":"post-480","1":"product","2":"type-product","3":"status-publish","4":"has-post-thumbnail","6":"product_cat-kaklarotas","7":"product_cat-rotas","9":"first","10":"instock","11":"sold-individually","12":"shipping-taxable","13":"purchasable","14":"product-type-simple"},"_links":{"self":[{"href":"https:\/\/rotavots.lv\/en\/wp-json\/wp\/v2\/product\/480","targetHints":{"allow":["GET"]}}],"collection":[{"href":"https:\/\/rotavots.lv\/en\/wp-json\/wp\/v2\/product"}],"about":[{"href":"https:\/\/rotavots.lv\/en\/wp-json\/wp\/v2\/types\/product"}],"replies":[{"embeddable":true,"href":"https:\/\/rotavots.lv\/en\/wp-json\/wp\/v2\/comments?post=480"}],"wp:featuredmedia":[{"embeddable":true,"href":"https:\/\/rotavots.lv\/en\/wp-json\/wp\/v2\/media\/481"}],"wp:attachment":[{"href":"https:\/\/rotavots.lv\/en\/wp-json\/wp\/v2\/media?parent=480"}],"wp:term":[{"taxonomy":"product_brand","embeddable":true,"href":"https:\/\/rotavots.lv\/en\/wp-json\/wp\/v2\/product_brand?post=480"},{"taxonomy":"product_cat","embeddable":true,"href":"https:\/\/rotavots.lv\/en\/wp-json\/wp\/v2\/product_cat?post=480"},{"taxonomy":"product_tag","embeddable":true,"href":"https:\/\/rotavots.lv\/en\/wp-json\/wp\/v2\/product_tag?post=480"}],"curies":[{"name":"wp","href":"https:\/\/api.w.org\/{rel}","templated":true}]}}