{"id":403,"date":"2026-04-09T12:09:46","date_gmt":"2026-04-09T09:09:46","guid":{"rendered":"https:\/\/rotavots.lv\/?post_type=product&#038;p=403"},"modified":"2026-04-09T12:09:46","modified_gmt":"2026-04-09T09:09:46","slug":"zemes-speks","status":"publish","type":"product","link":"https:\/\/rotavots.lv\/en\/shop\/rotas\/rokasspradzes\/zemes-speks\/","title":{"rendered":"Zemes Sp\u0113ks"},"content":{"rendered":"<p>Senatn\u012bgu noska\u0146u un ener\u0123\u0113tisko sp\u0113ku rot\u0101 rada ant\u012bk\u0101s bronzas aizdare un pieci ar rok\u0101m ap\u0161\u016btie un sav\u0101 starp\u0101 savienotie dab\u012bgo akme\u0146u kaba\u0161oni<\/p>\n<ul data-path-to-node=\"7\">\n<li>\n<p data-path-to-node=\"7,0,0\"><b data-path-to-node=\"7,0,0\" data-index-in-node=\"0\">T\u012b\u0123eracs<\/b> akme\u0146i ar savu ma\u0123isko, zeltaini br\u016bno mirdzumu ienes rot\u0101 saules siltumu, aizsardz\u012bbas un p\u0101rliec\u012bbas ener\u0123iju<\/p>\n<\/li>\n<li>\n<p data-path-to-node=\"7,1,0\"><b data-path-to-node=\"7,1,0\" data-index-in-node=\"0\">Ja\u0161mas un ah\u0101ta<\/b> akcenti sarkan\u012bgos un za\u013cgani sv\u012btrainos to\u0146os veido harmonisku dabas paleti, pie\u0161\u0137irot rotai dinamiku un unikalit\u0101ti<\/p>\n<\/li>\n<li>\n<p data-path-to-node=\"7,2,0\">Katrs akmens ir r\u016bp\u012bgi &#8220;ies\u0113din\u0101ts&#8221; smalku s\u0113kli\u0146p\u0113rl\u012b\u0161u r\u0101m\u012bt\u012b, izmantojot bronzas, ol\u012bvza\u013cos un bordo to\u0146us, kas izce\u013c katra miner\u0101la dabisko raksturu<\/p>\n<\/li>\n<\/ul>\n<p>Smagais dab\u012bgo akme\u0146u kritums uz rokas kalpos k\u0101 skaists atg\u0101din\u0101jums par dabas neatk\u0101rtojamo sp\u0113ku<\/p>","protected":false},"excerpt":{"rendered":"<p>Zemes sp\u0113ks un dabas rad\u012bts neatk\u0101rtojams skaistums<\/p>","protected":false},"featured_media":405,"comment_status":"open","ping_status":"closed","template":"","meta":[],"product_brand":[],"product_cat":[26,22],"product_tag":[],"class_list":{"0":"post-403","1":"product","2":"type-product","3":"status-publish","4":"has-post-thumbnail","6":"product_cat-rokasspradzes","7":"product_cat-rotas","9":"first","10":"instock","11":"sold-individually","12":"shipping-taxable","13":"purchasable","14":"product-type-simple"},"_links":{"self":[{"href":"https:\/\/rotavots.lv\/en\/wp-json\/wp\/v2\/product\/403","targetHints":{"allow":["GET"]}}],"collection":[{"href":"https:\/\/rotavots.lv\/en\/wp-json\/wp\/v2\/product"}],"about":[{"href":"https:\/\/rotavots.lv\/en\/wp-json\/wp\/v2\/types\/product"}],"replies":[{"embeddable":true,"href":"https:\/\/rotavots.lv\/en\/wp-json\/wp\/v2\/comments?post=403"}],"wp:featuredmedia":[{"embeddable":true,"href":"https:\/\/rotavots.lv\/en\/wp-json\/wp\/v2\/media\/405"}],"wp:attachment":[{"href":"https:\/\/rotavots.lv\/en\/wp-json\/wp\/v2\/media?parent=403"}],"wp:term":[{"taxonomy":"product_brand","embeddable":true,"href":"https:\/\/rotavots.lv\/en\/wp-json\/wp\/v2\/product_brand?post=403"},{"taxonomy":"product_cat","embeddable":true,"href":"https:\/\/rotavots.lv\/en\/wp-json\/wp\/v2\/product_cat?post=403"},{"taxonomy":"product_tag","embeddable":true,"href":"https:\/\/rotavots.lv\/en\/wp-json\/wp\/v2\/product_tag?post=403"}],"curies":[{"name":"wp","href":"https:\/\/api.w.org\/{rel}","templated":true}]}}