{"id":397,"date":"2026-04-09T11:28:16","date_gmt":"2026-04-09T08:28:16","guid":{"rendered":"https:\/\/rotavots.lv\/?post_type=product&#038;p=397"},"modified":"2026-04-09T12:11:24","modified_gmt":"2026-04-09T09:11:24","slug":"uguniga-roze","status":"publish","type":"product","link":"https:\/\/rotavots.lv\/en\/shop\/rotas\/rokasspradzes\/uguniga-roze\/","title":{"rendered":"Ugun\u012bg\u0101 Roze"},"content":{"rendered":"<ul>\n<li data-path-to-node=\"8,0,0\"><b data-path-to-node=\"8,0,0\" data-index-in-node=\"0\">Spilgti un sul\u012bgi sarkanais pamattonis<\/b> piesaista skatienu un ienes t\u0113l\u0101 ener\u0123iju<\/li>\n<li>\n<p data-path-to-node=\"8,1,0\"><b data-path-to-node=\"8,1,0\" data-index-in-node=\"0\">Nedaudz tum\u0161\u0101ka, dzi\u013c\u0101ka sarkan\u0101 nokr\u0101sa<\/b> (kas iestr\u0101d\u0101ta pinuma iedob\u0113s) rada br\u012bni\u0161\u0137\u012bgu \u0113nu un dzi\u013cuma efektu, v\u0113l vair\u0101k izce\u013cot rotas telpisko 3D arhitekt\u016bru<\/p>\n<\/li>\n<\/ul>\n<p>Rokasspr\u0101dze ir nosl\u0113gta ar dro\u0161u karab\u012bnes aizdari v\u0113s\u0101 sudraba ton\u012b un rota\u013c\u012bgu p\u0113rl\u012b\u0161u pu\u0161\u0137\u012bti pie aizdares<\/p>\n<p data-path-to-node=\"11\">Rota ide\u0101li izcelsies pie maz\u0101s, meln\u0101s vakarkleitas vai k\u013c\u016bs par spilgtu akcentu ikdieni\u0161\u0137am darba t\u0113rpam, atg\u0101dinot par iek\u0161\u0113jo dzirksteli<\/p>","protected":false},"excerpt":{"rendered":"<p>Mani paman\u012bja un mani nov\u0113rt\u0113ja. Hm\u2026 k\u0101 jau vienm\u0113r. Esmu p\u0101rliecin\u0101ta jebkur\u0101 dz\u012bves situ\u0101cij\u0101<\/p>","protected":false},"featured_media":398,"comment_status":"open","ping_status":"closed","template":"","meta":[],"product_brand":[],"product_cat":[26,22],"product_tag":[],"class_list":{"0":"post-397","1":"product","2":"type-product","3":"status-publish","4":"has-post-thumbnail","6":"product_cat-rokasspradzes","7":"product_cat-rotas","9":"first","10":"instock","11":"sold-individually","12":"shipping-taxable","13":"purchasable","14":"product-type-simple"},"_links":{"self":[{"href":"https:\/\/rotavots.lv\/en\/wp-json\/wp\/v2\/product\/397","targetHints":{"allow":["GET"]}}],"collection":[{"href":"https:\/\/rotavots.lv\/en\/wp-json\/wp\/v2\/product"}],"about":[{"href":"https:\/\/rotavots.lv\/en\/wp-json\/wp\/v2\/types\/product"}],"replies":[{"embeddable":true,"href":"https:\/\/rotavots.lv\/en\/wp-json\/wp\/v2\/comments?post=397"}],"wp:featuredmedia":[{"embeddable":true,"href":"https:\/\/rotavots.lv\/en\/wp-json\/wp\/v2\/media\/398"}],"wp:attachment":[{"href":"https:\/\/rotavots.lv\/en\/wp-json\/wp\/v2\/media?parent=397"}],"wp:term":[{"taxonomy":"product_brand","embeddable":true,"href":"https:\/\/rotavots.lv\/en\/wp-json\/wp\/v2\/product_brand?post=397"},{"taxonomy":"product_cat","embeddable":true,"href":"https:\/\/rotavots.lv\/en\/wp-json\/wp\/v2\/product_cat?post=397"},{"taxonomy":"product_tag","embeddable":true,"href":"https:\/\/rotavots.lv\/en\/wp-json\/wp\/v2\/product_tag?post=397"}],"curies":[{"name":"wp","href":"https:\/\/api.w.org\/{rel}","templated":true}]}}