{"id":368,"date":"2026-04-09T10:52:26","date_gmt":"2026-04-09T07:52:26","guid":{"rendered":"https:\/\/rotavots.lv\/?post_type=product&#038;p=368"},"modified":"2026-04-09T12:12:14","modified_gmt":"2026-04-09T09:12:14","slug":"juras-un-smilsu-ritms","status":"publish","type":"product","link":"https:\/\/rotavots.lv\/en\/shop\/rotas\/rokasspradzes\/juras-un-smilsu-ritms\/","title":{"rendered":"J\u016bras un Smil\u0161u Ritms"},"content":{"rendered":"<p data-path-to-node=\"6\">At\u0161\u0137ir\u012bb\u0101 no plakan\u0101m rot\u0101m, kvadr\u0101tveida pinums veido izteiksm\u012bgu 3D reljefu jeb &#8220;kastu&#8221; strukt\u016bru, kas padara rotu vizu\u0101li apjom\u012bgu, bet vienlaikus pat\u012bkami vieglu<\/p>\n<ul data-path-to-node=\"8\">\n<li>\n<p data-path-to-node=\"8,0,0\"><b data-path-to-node=\"8,0,0\" data-index-in-node=\"0\">Siltais smil\u0161u\/b\u0113\u0161ais tonis<\/b> rada maigu, dab\u012bgu pamatu<\/p>\n<\/li>\n<li>\n<p data-path-to-node=\"8,1,0\"><b data-path-to-node=\"8,1,0\" data-index-in-node=\"0\">Karaliski un pies\u0101tin\u0101ti zilais<\/b> ienes j\u016brnieku stila svaigumu un izteiksm\u012bgu kontrastu<\/p>\n<\/li>\n<\/ul>\n<p data-path-to-node=\"9\">\u012apa\u0161u \u0161armu rotai pie\u0161\u0137ir divi mazi, kust\u012bgi p\u0113rl\u012b\u0161u pu\u0161\u0137\u012b\u0161i pie karab\u012bnes tipa aizdares, kas rota\u013c\u012bgi \u0161\u016bposies l\u012bdzi tav\u0101m kust\u012bb\u0101m<\/p>\n<p data-path-to-node=\"9\">Rokasspr\u0101dze ide\u0101li piest\u0101v\u0113s gan vasar\u012bgai lina kleitai, gan ikdienas d\u017einsu un balt\u0101 krekla kombin\u0101cijai<\/p>","protected":false},"excerpt":{"rendered":"<p>Rota ar raksturu un izteiktu tekst\u016bru! \u0160\u012b rokasspr\u0101dze piesaista skatienu ar savu \u0123eometrisko, telpisko formu un drosm\u012bgo kr\u0101su kontrastu<\/p>","protected":false},"featured_media":371,"comment_status":"open","ping_status":"closed","template":"","meta":[],"product_brand":[],"product_cat":[26,22],"product_tag":[],"class_list":{"0":"post-368","1":"product","2":"type-product","3":"status-publish","4":"has-post-thumbnail","6":"product_cat-rokasspradzes","7":"product_cat-rotas","9":"first","10":"instock","11":"sold-individually","12":"shipping-taxable","13":"purchasable","14":"product-type-simple"},"_links":{"self":[{"href":"https:\/\/rotavots.lv\/en\/wp-json\/wp\/v2\/product\/368","targetHints":{"allow":["GET"]}}],"collection":[{"href":"https:\/\/rotavots.lv\/en\/wp-json\/wp\/v2\/product"}],"about":[{"href":"https:\/\/rotavots.lv\/en\/wp-json\/wp\/v2\/types\/product"}],"replies":[{"embeddable":true,"href":"https:\/\/rotavots.lv\/en\/wp-json\/wp\/v2\/comments?post=368"}],"wp:featuredmedia":[{"embeddable":true,"href":"https:\/\/rotavots.lv\/en\/wp-json\/wp\/v2\/media\/371"}],"wp:attachment":[{"href":"https:\/\/rotavots.lv\/en\/wp-json\/wp\/v2\/media?parent=368"}],"wp:term":[{"taxonomy":"product_brand","embeddable":true,"href":"https:\/\/rotavots.lv\/en\/wp-json\/wp\/v2\/product_brand?post=368"},{"taxonomy":"product_cat","embeddable":true,"href":"https:\/\/rotavots.lv\/en\/wp-json\/wp\/v2\/product_cat?post=368"},{"taxonomy":"product_tag","embeddable":true,"href":"https:\/\/rotavots.lv\/en\/wp-json\/wp\/v2\/product_tag?post=368"}],"curies":[{"name":"wp","href":"https:\/\/api.w.org\/{rel}","templated":true}]}}