{"id":361,"date":"2026-04-09T10:08:58","date_gmt":"2026-04-09T07:08:58","guid":{"rendered":"https:\/\/rotavots.lv\/?post_type=product&#038;p=361"},"modified":"2026-04-09T10:10:59","modified_gmt":"2026-04-09T07:10:59","slug":"melnbalta-dabas-simfonija","status":"publish","type":"product","link":"https:\/\/rotavots.lv\/en\/shop\/rotas\/kaklarotas\/melnbalta-dabas-simfonija\/","title":{"rendered":"Melnbalt\u0101 Dabas Simfonija"},"content":{"rendered":"<p data-path-to-node=\"7\">Rotas centr\u0101lais elements ir 3,5&#215;3,5 cm liels kaba\u0161ons ar dendr\u012btisku (zari\u0146iem l\u012bdz\u012bgu) rakstu, kas l\u012bdzin\u0101s gleznainam ziemas ainavas fragmentam<\/p>\n<p data-path-to-node=\"7\">Kaklarotas dab\u012bgo akme\u0146u kompoz\u012bcija, kas turpina melnbalto st\u0101stu:<\/p>\n<ul data-path-to-node=\"9\">\n<li>\n<p data-path-to-node=\"9,0,0\"><b data-path-to-node=\"9,0,0\" data-index-in-node=\"0\">Hovl\u012bts:<\/b> Baltie akme\u0146i ar tum\u0161o dz\u012bslojumu ienes mieru un l\u012bdzsvaru<\/p>\n<\/li>\n<li>\n<p data-path-to-node=\"9,1,0\"><b data-path-to-node=\"9,1,0\" data-index-in-node=\"0\">Melnais Lavas akmens:<\/b> Porain\u0101s lavas p\u0113rl\u012btes pie\u0161\u0137ir rotai raupj\u0101ku tekst\u016bru un ugun\u012bgu ener\u0123iju<\/p>\n<\/li>\n<li>\n<p data-path-to-node=\"9,2,0\"><b data-path-to-node=\"9,2,0\" data-index-in-node=\"0\">Melni-br\u016bn\u0101 Ja\u0161ma:<\/b> Izteiksm\u012bg\u0101s, trapeces formas akmens pl\u0101ksnes kalpo k\u0101 p\u0101rejas elements, savienojot kaba\u0161onu ar rotas aug\u0161\u0113jo da\u013cu un pie\u0161\u0137irot dizainam etnisku pieska\u0146u<\/p>\n<\/li>\n<\/ul>\n<p data-path-to-node=\"10\">Akme\u0146i ir v\u0113rti uz atmi\u0146as stieples (memory wire). Tas nodro\u0161ina, ka kaklarota nedeform\u0113sies zem akme\u0146u svara, vienm\u0113r saglab\u0101s savu perfekti apa\u013co formu un eleganti gulsies ap kaklu<\/p>\n<p data-path-to-node=\"10\">Rota ar raksturu lieliski papildin\u0101s vienkr\u0101sainu ap\u0123\u0113rbu \u2013 melnu, baltu vai pel\u0113ku, kalpojot k\u0101 t\u0113la galvenais akcents. Dab\u012bgo akme\u0146u svars un v\u0113sais piesk\u0101riens atg\u0101din\u0101s par dabas patieso sp\u0113ku<\/p>","protected":false},"excerpt":{"rendered":"<p>Drosm\u012bga, grafiska un zemes sp\u0113ka piepild\u012bta. Kaklarota, kura apvieno dab\u012bgo akme\u0146u skaistumu ar smalku p\u0113rl\u012b\u0161u iz\u0161uvuma tehniku<\/p>","protected":false},"featured_media":365,"comment_status":"open","ping_status":"closed","template":"","meta":[],"product_brand":[],"product_cat":[25,22],"product_tag":[],"class_list":{"0":"post-361","1":"product","2":"type-product","3":"status-publish","4":"has-post-thumbnail","6":"product_cat-kaklarotas","7":"product_cat-rotas","9":"first","10":"instock","11":"sold-individually","12":"shipping-taxable","13":"purchasable","14":"product-type-simple"},"_links":{"self":[{"href":"https:\/\/rotavots.lv\/en\/wp-json\/wp\/v2\/product\/361","targetHints":{"allow":["GET"]}}],"collection":[{"href":"https:\/\/rotavots.lv\/en\/wp-json\/wp\/v2\/product"}],"about":[{"href":"https:\/\/rotavots.lv\/en\/wp-json\/wp\/v2\/types\/product"}],"replies":[{"embeddable":true,"href":"https:\/\/rotavots.lv\/en\/wp-json\/wp\/v2\/comments?post=361"}],"wp:featuredmedia":[{"embeddable":true,"href":"https:\/\/rotavots.lv\/en\/wp-json\/wp\/v2\/media\/365"}],"wp:attachment":[{"href":"https:\/\/rotavots.lv\/en\/wp-json\/wp\/v2\/media?parent=361"}],"wp:term":[{"taxonomy":"product_brand","embeddable":true,"href":"https:\/\/rotavots.lv\/en\/wp-json\/wp\/v2\/product_brand?post=361"},{"taxonomy":"product_cat","embeddable":true,"href":"https:\/\/rotavots.lv\/en\/wp-json\/wp\/v2\/product_cat?post=361"},{"taxonomy":"product_tag","embeddable":true,"href":"https:\/\/rotavots.lv\/en\/wp-json\/wp\/v2\/product_tag?post=361"}],"curies":[{"name":"wp","href":"https:\/\/api.w.org\/{rel}","templated":true}]}}