{"id":267,"date":"2026-04-09T07:29:28","date_gmt":"2026-04-09T04:29:28","guid":{"rendered":"https:\/\/rotavots.lv\/?post_type=product&#038;p=267"},"modified":"2026-04-09T10:13:15","modified_gmt":"2026-04-09T07:13:15","slug":"maiga-orhideja","status":"publish","type":"product","link":"https:\/\/rotavots.lv\/en\/shop\/rotas\/kaklarotas\/maiga-orhideja\/","title":{"rendered":"Maig\u0101 Orhideja"},"content":{"rendered":"<p>Tambor\u0113taj\u0101 p\u0113rl\u012b\u0161u kaklarot\u0101 lieliski izce\u013cas kr\u0101su p\u0101reja jeb <i data-path-to-node=\"0\" data-index-in-node=\"142\">ombre<\/i> efekts. T\u012bri <b data-path-to-node=\"7,0,0\" data-index-in-node=\"5\">baltais<\/b> tonis pie\u0161\u0137ir rotai gais\u012bgumu, svaigumu un nevainojamu t\u012br\u012bbu. Maigi <b data-path-to-node=\"7,1,0\" data-index-in-node=\"6\">ceri\u0146kr\u0101sas un putek\u013caini roz\u0101\/violetie<\/b> to\u0146i (atg\u0101dinot orhidejas ziedlapi\u0146as) vijas cauri baltajam pamatam, radot skaistu un maigu kontrastu, kas neuzb\u0101z\u012bgi piesaista skatienu.<\/p>\n<p>Lielisks un paman\u0101ms, bet taj\u0101 pa\u0161\u0101 laik\u0101 \u013coti delik\u0101ts papildin\u0101jums gan ikdienas, gan sv\u0113tku garderobei \u2013 \u012bpa\u0161i saska\u0146ojot to ar gai\u0161iem vai paste\u013cto\u0146u ap\u0123\u0113rbiem.<\/p>","protected":false},"excerpt":{"rendered":"<p>Elegantam, romantiskam un smalkam sava t\u0113la akcentam &#8211; miers un harmonija<\/p>","protected":false},"featured_media":350,"comment_status":"open","ping_status":"closed","template":"","meta":[],"product_brand":[],"product_cat":[25,22],"product_tag":[],"class_list":{"0":"post-267","1":"product","2":"type-product","3":"status-publish","4":"has-post-thumbnail","6":"product_cat-kaklarotas","7":"product_cat-rotas","9":"first","10":"instock","11":"sold-individually","12":"shipping-taxable","13":"purchasable","14":"product-type-simple"},"_links":{"self":[{"href":"https:\/\/rotavots.lv\/en\/wp-json\/wp\/v2\/product\/267","targetHints":{"allow":["GET"]}}],"collection":[{"href":"https:\/\/rotavots.lv\/en\/wp-json\/wp\/v2\/product"}],"about":[{"href":"https:\/\/rotavots.lv\/en\/wp-json\/wp\/v2\/types\/product"}],"replies":[{"embeddable":true,"href":"https:\/\/rotavots.lv\/en\/wp-json\/wp\/v2\/comments?post=267"}],"wp:featuredmedia":[{"embeddable":true,"href":"https:\/\/rotavots.lv\/en\/wp-json\/wp\/v2\/media\/350"}],"wp:attachment":[{"href":"https:\/\/rotavots.lv\/en\/wp-json\/wp\/v2\/media?parent=267"}],"wp:term":[{"taxonomy":"product_brand","embeddable":true,"href":"https:\/\/rotavots.lv\/en\/wp-json\/wp\/v2\/product_brand?post=267"},{"taxonomy":"product_cat","embeddable":true,"href":"https:\/\/rotavots.lv\/en\/wp-json\/wp\/v2\/product_cat?post=267"},{"taxonomy":"product_tag","embeddable":true,"href":"https:\/\/rotavots.lv\/en\/wp-json\/wp\/v2\/product_tag?post=267"}],"curies":[{"name":"wp","href":"https:\/\/api.w.org\/{rel}","templated":true}]}}