{"id":215,"date":"2026-04-08T18:47:17","date_gmt":"2026-04-08T15:47:17","guid":{"rendered":"https:\/\/rotavots.lv\/?post_type=product&#038;p=215"},"modified":"2026-04-08T21:53:38","modified_gmt":"2026-04-08T18:53:38","slug":"eksotiska-korallu-cuska","status":"publish","type":"product","link":"https:\/\/rotavots.lv\/en\/shop\/rotas\/kaklarotas\/eksotiska-korallu-cuska\/","title":{"rendered":"Eksotisk\u0101 Kora\u013c\u013cu \u010c\u016bska"},"content":{"rendered":"<p data-path-to-node=\"9\">Dizaina galvenais akcents ir paman\u0101ms un mod\u012bgs \u010d\u016bskas \u0101das jeb rombu raksts. Kr\u0101su palete ir r\u016bp\u012bgi izv\u0113l\u0113ta:<\/p>\n<ul data-path-to-node=\"10\">\n<li>\n<p data-path-to-node=\"10,0,0\"><b data-path-to-node=\"10,0,0\" data-index-in-node=\"0\">Ko\u0161ais persiku <\/b>tonis ienes rot\u0101 vasar\u012bgu svaigumu un ener\u0123iju, kalpojot k\u0101 paman\u0101ms vizu\u0101lais akcents<\/p>\n<\/li>\n<li>\n<p data-path-to-node=\"10,1,0\"><b data-path-to-node=\"10,1,0\" data-index-in-node=\"0\">Ledus br\u016bnais un melnais tonis<\/b>\u00a0pie\u0161\u0137ir dizainam strukt\u016bru un dramatisku efektu<\/p>\n<\/li>\n<li>\n<p data-path-to-node=\"10,2,0\"><b data-path-to-node=\"10,2,0\" data-index-in-node=\"0\">Spilgti baltais<\/b> pamattonis atsvaidzina un padara rakstu izteiksm\u012bgu<\/p>\n<\/li>\n<\/ul>\n<p data-path-to-node=\"14\"><b data-path-to-node=\"14\" data-index-in-node=\"0\">Kop\u0161anas padoms:<\/b> Lai rota un spo\u017e\u0101 sudraba kr\u0101sas furnit\u016bra ilgsto\u0161i saglab\u0101tu savu mirdzumu, sarg\u0101jiet to no mitruma, smar\u017e\u0101m un kosm\u0113tikas. Uzglab\u0101jiet to atsevi\u0161\u0137i no cit\u0101m rot\u0101m, v\u0113lams, plakaniski.<\/p>","protected":false},"excerpt":{"rendered":"<p>B\u012bstama? Ind\u012bga? Noteikti n\u0113. V\u0113l jo vair\u0101k \u2013 no maigaj\u0101m un kvalitat\u012bvaj\u0101m Jap\u0101nas \u201cMiyuki\u201d s\u0113kli\u0146p\u0113rl\u012bt\u0113m rad\u012bt\u0101 kaklarota ir pat\u012bkama, m\u012b\u013ca, uzman\u012bbu piesaisto\u0161a, iedvesmojo\u0161a un tikai mazliet neparedzama<\/p>","protected":false},"featured_media":223,"comment_status":"open","ping_status":"closed","template":"","meta":[],"product_brand":[],"product_cat":[25,22],"product_tag":[],"class_list":{"0":"post-215","1":"product","2":"type-product","3":"status-publish","4":"has-post-thumbnail","6":"product_cat-kaklarotas","7":"product_cat-rotas","9":"first","10":"instock","11":"sold-individually","12":"shipping-taxable","13":"purchasable","14":"product-type-simple"},"_links":{"self":[{"href":"https:\/\/rotavots.lv\/en\/wp-json\/wp\/v2\/product\/215","targetHints":{"allow":["GET"]}}],"collection":[{"href":"https:\/\/rotavots.lv\/en\/wp-json\/wp\/v2\/product"}],"about":[{"href":"https:\/\/rotavots.lv\/en\/wp-json\/wp\/v2\/types\/product"}],"replies":[{"embeddable":true,"href":"https:\/\/rotavots.lv\/en\/wp-json\/wp\/v2\/comments?post=215"}],"wp:featuredmedia":[{"embeddable":true,"href":"https:\/\/rotavots.lv\/en\/wp-json\/wp\/v2\/media\/223"}],"wp:attachment":[{"href":"https:\/\/rotavots.lv\/en\/wp-json\/wp\/v2\/media?parent=215"}],"wp:term":[{"taxonomy":"product_brand","embeddable":true,"href":"https:\/\/rotavots.lv\/en\/wp-json\/wp\/v2\/product_brand?post=215"},{"taxonomy":"product_cat","embeddable":true,"href":"https:\/\/rotavots.lv\/en\/wp-json\/wp\/v2\/product_cat?post=215"},{"taxonomy":"product_tag","embeddable":true,"href":"https:\/\/rotavots.lv\/en\/wp-json\/wp\/v2\/product_tag?post=215"}],"curies":[{"name":"wp","href":"https:\/\/api.w.org\/{rel}","templated":true}]}}