{"id":205,"date":"2026-04-08T17:31:06","date_gmt":"2026-04-08T14:31:06","guid":{"rendered":"https:\/\/rotavots.lv\/?post_type=product&#038;p=205"},"modified":"2026-04-08T17:31:06","modified_gmt":"2026-04-08T14:31:06","slug":"geometrija","status":"publish","type":"product","link":"https:\/\/rotavots.lv\/en\/shop\/rotas\/kaklarotas\/geometrija\/","title":{"rendered":"\u0122eometrija"},"content":{"rendered":"<p data-path-to-node=\"11\"><b data-path-to-node=\"11\" data-index-in-node=\"0\">K\u0101p\u0113c izv\u0113l\u0113ties \u0161o rotu:<\/b><\/p>\n<ul data-path-to-node=\"12\">\n<li>\n<p data-path-to-node=\"12,0,0\"><b data-path-to-node=\"12,0,0\" data-index-in-node=\"0\">Unik\u0101ls dizains:<\/b> \u0122eometriskais raksts un drosm\u012bgais kr\u0101su kontrasts garant\u0113, ka \u0161\u012b rota piesaist\u012bs skatienus. Dizains burtiski elpo dabas atmodu un ener\u0123iju.<\/p>\n<\/li>\n<li>\n<p data-path-to-node=\"12,1,0\"><b data-path-to-node=\"12,1,0\" data-index-in-node=\"0\">Augsta kvalit\u0101te:<\/b> R\u016bp\u012bgs roku darbs, izmantojot vien\u0101da izm\u0113ra, augstv\u0113rt\u012bgas Jap\u0101nas s\u012bkp\u0113rl\u012btes skaistam, gludam rakstam.<\/p>\n<\/li>\n<li>\n<p data-path-to-node=\"12,2,0\"><b data-path-to-node=\"12,2,0\" data-index-in-node=\"0\">Univers\u0101lums:<\/b> Paman\u0101ms akcents, kas atsvaidzin\u0101s gan vienkr\u0101sainu ikdienas ap\u0123\u0113rbu, gan eleganti papildin\u0101s izteiksm\u012bg\u0101ku t\u0113rpu.<\/p>\n<\/li>\n<\/ul>","protected":false},"excerpt":{"rendered":"<p>Izteiksm\u012bga, ar rok\u0101m tambor\u0113ta p\u0113rl\u012b\u0161u kaklarota, kas piesaista uzman\u012bbu ar dinamisku \u0123eometrisku rakstu. Spilgtais laima za\u013cais tonis lieliski kontrast\u0113 ar tum\u0161o zemes un d\u016bmakaini violeto, ko atdala smalkas baltas l\u012bnijas. Kaklarotas garums ir 51 cm, un to nosl\u0113dz eleganta ant\u012bk\u0101 vara furnit\u016bra<\/p>","protected":false},"featured_media":206,"comment_status":"open","ping_status":"closed","template":"","meta":[],"product_brand":[],"product_cat":[25,22],"product_tag":[],"class_list":{"0":"post-205","1":"product","2":"type-product","3":"status-publish","4":"has-post-thumbnail","6":"product_cat-kaklarotas","7":"product_cat-rotas","9":"first","10":"instock","11":"sold-individually","12":"shipping-taxable","13":"purchasable","14":"product-type-simple"},"_links":{"self":[{"href":"https:\/\/rotavots.lv\/en\/wp-json\/wp\/v2\/product\/205","targetHints":{"allow":["GET"]}}],"collection":[{"href":"https:\/\/rotavots.lv\/en\/wp-json\/wp\/v2\/product"}],"about":[{"href":"https:\/\/rotavots.lv\/en\/wp-json\/wp\/v2\/types\/product"}],"replies":[{"embeddable":true,"href":"https:\/\/rotavots.lv\/en\/wp-json\/wp\/v2\/comments?post=205"}],"wp:featuredmedia":[{"embeddable":true,"href":"https:\/\/rotavots.lv\/en\/wp-json\/wp\/v2\/media\/206"}],"wp:attachment":[{"href":"https:\/\/rotavots.lv\/en\/wp-json\/wp\/v2\/media?parent=205"}],"wp:term":[{"taxonomy":"product_brand","embeddable":true,"href":"https:\/\/rotavots.lv\/en\/wp-json\/wp\/v2\/product_brand?post=205"},{"taxonomy":"product_cat","embeddable":true,"href":"https:\/\/rotavots.lv\/en\/wp-json\/wp\/v2\/product_cat?post=205"},{"taxonomy":"product_tag","embeddable":true,"href":"https:\/\/rotavots.lv\/en\/wp-json\/wp\/v2\/product_tag?post=205"}],"curies":[{"name":"wp","href":"https:\/\/api.w.org\/{rel}","templated":true}]}}