{"id":191,"date":"2026-04-08T16:36:37","date_gmt":"2026-04-08T13:36:37","guid":{"rendered":"https:\/\/rotavots.lv\/?post_type=product&#038;p=191"},"modified":"2026-04-08T17:31:59","modified_gmt":"2026-04-08T14:31:59","slug":"rudens-vijums","status":"publish","type":"product","link":"https:\/\/rotavots.lv\/en\/shop\/rotas\/kaklarotas\/rudens-vijums\/","title":{"rendered":"Rudens Vijums"},"content":{"rendered":"<p data-path-to-node=\"7\">\u0160\u012b unik\u0101l\u0101 kaklarota ir r\u016bp\u012bgs roku darbs, kas tapis p\u0113rl\u012b\u0161u tambor\u0113\u0161anas tehnik\u0101. Katra p\u0113rl\u012bte ir prec\u012bzi iev\u0113rta un ietambor\u0113ta, veidojot bl\u012bvu, vij\u012bgu virvi ar izteiksm\u012bgu spir\u0101lveida rakstu.<\/p>\n<ul data-path-to-node=\"9\">\n<li>\n<p data-path-to-node=\"9,0,0\">Domin\u0113jo\u0161ais <b data-path-to-node=\"9,0,0\" data-index-in-node=\"13\">dzi\u013ci bordo sarkanais<\/b> pie\u0161\u0137ir rotai eleganci un klasiku<\/p>\n<\/li>\n<li>\n<p data-path-to-node=\"9,1,0\"><b data-path-to-node=\"9,1,0\" data-index-in-node=\"0\">Ko\u0161i dzeltenais un tum\u0161i za\u013cganbr\u016bnais<\/b> akcents spir\u0101l\u0113 veido dinamisku kontrastu, kas atg\u0101dina rudens lapu sp\u0113li vai eksotisku tekstilu<\/p>\n<\/li>\n<\/ul>\n<p data-path-to-node=\"10\">Rota ir pat\u012bkama piesk\u0101rienam, t\u0101 maigi piegu\u013c kaklam un saglab\u0101 savu formu, pateicoties bl\u012bvajai tambor\u0113\u0161anai.<\/p>\n<p data-path-to-node=\"12\">\u012apa\u0161s akcents ir divas pul\u0113tas, apa\u013cas <b data-path-to-node=\"12\" data-index-in-node=\"39\">dab\u012bg\u0101 gran\u0101ta<\/b>\u00a0p\u0113rl\u012btes pie aizdares. Gran\u0101ts jau sen ir paz\u012bstams k\u0101 kaisles, sp\u0113ka un aizsardz\u012bbas akmens. \u0160is mazais, bet noz\u012bm\u012bgais deta\u013cas papildin\u0101jums pie\u0161\u0137ir rotai papildu v\u0113rt\u012bbu un dabiskumu.<\/p>\n<p data-path-to-node=\"12\">Rota ide\u0101li piem\u0113rota gan ikdienai, gan svin\u012bgiem pas\u0101kumiem.<\/p>\n<p data-path-to-node=\"12\"><strong>Neaizmirstam<\/strong>: Lai rota priec\u0113tu gadiem ilgi, iesaku to neglab\u0101t tie\u0161os saules staros un izvair\u012bties no mitruma. T\u012br\u012bt ar m\u012bkstu dr\u0101ni\u0146u.<\/p>","protected":false},"excerpt":{"rendered":"<p>Eleganta, tambor\u0113ta p\u0113rl\u012b\u0161u virve, kas apvieno dzi\u013ci bordo sarkanus un siltus sinepju dzeltenus to\u0146us v\u012btaj\u0101 spir\u0101lveida rakst\u0101. Rotu papildina ant\u012bka vara furnit\u016bra un dab\u012bg\u0101 gran\u0101ta akcenti pie aizdares<\/p>","protected":false},"featured_media":197,"comment_status":"open","ping_status":"closed","template":"","meta":[],"product_brand":[],"product_cat":[25,22],"product_tag":[],"class_list":{"0":"post-191","1":"product","2":"type-product","3":"status-publish","4":"has-post-thumbnail","6":"product_cat-kaklarotas","7":"product_cat-rotas","9":"first","10":"instock","11":"sold-individually","12":"shipping-taxable","13":"purchasable","14":"product-type-simple"},"_links":{"self":[{"href":"https:\/\/rotavots.lv\/en\/wp-json\/wp\/v2\/product\/191","targetHints":{"allow":["GET"]}}],"collection":[{"href":"https:\/\/rotavots.lv\/en\/wp-json\/wp\/v2\/product"}],"about":[{"href":"https:\/\/rotavots.lv\/en\/wp-json\/wp\/v2\/types\/product"}],"replies":[{"embeddable":true,"href":"https:\/\/rotavots.lv\/en\/wp-json\/wp\/v2\/comments?post=191"}],"wp:featuredmedia":[{"embeddable":true,"href":"https:\/\/rotavots.lv\/en\/wp-json\/wp\/v2\/media\/197"}],"wp:attachment":[{"href":"https:\/\/rotavots.lv\/en\/wp-json\/wp\/v2\/media?parent=191"}],"wp:term":[{"taxonomy":"product_brand","embeddable":true,"href":"https:\/\/rotavots.lv\/en\/wp-json\/wp\/v2\/product_brand?post=191"},{"taxonomy":"product_cat","embeddable":true,"href":"https:\/\/rotavots.lv\/en\/wp-json\/wp\/v2\/product_cat?post=191"},{"taxonomy":"product_tag","embeddable":true,"href":"https:\/\/rotavots.lv\/en\/wp-json\/wp\/v2\/product_tag?post=191"}],"curies":[{"name":"wp","href":"https:\/\/api.w.org\/{rel}","templated":true}]}}