{"id":142,"date":"2026-04-07T20:38:13","date_gmt":"2026-04-07T17:38:13","guid":{"rendered":"https:\/\/rotavots.lv\/?post_type=product&#038;p=142"},"modified":"2026-04-08T14:18:56","modified_gmt":"2026-04-08T11:18:56","slug":"tamboreta-kaklarota-no-japanas-miyuki-seklinperlitem","status":"publish","type":"product","link":"https:\/\/rotavots.lv\/en\/shop\/rotas\/kaklarotas\/tamboreta-kaklarota-no-japanas-miyuki-seklinperlitem\/","title":{"rendered":"Tambor\u0113ta kaklarota no Jap\u0101nas Miyuki s\u0113kli\u0146p\u0113rl\u012bt\u0113m"},"content":{"rendered":"<p>No Jap\u0101nas Miyuki s\u0113kli\u0146p\u0113rl\u012bt\u0113m tambor\u0113ta kaklarota<\/p>","protected":false},"excerpt":{"rendered":"<p>No Jap\u0101nas Miyuki s\u0113kli\u0146p\u0113rl\u012bt\u0113m tambor\u0113ta kaklarota<\/p>","protected":false},"featured_media":143,"comment_status":"open","ping_status":"closed","template":"","meta":[],"product_brand":[],"product_cat":[25,22],"product_tag":[],"class_list":{"0":"post-142","1":"product","2":"type-product","3":"status-publish","4":"has-post-thumbnail","6":"product_cat-kaklarotas","7":"product_cat-rotas","9":"first","10":"instock","11":"sold-individually","12":"shipping-taxable","13":"product-type-external"},"_links":{"self":[{"href":"https:\/\/rotavots.lv\/en\/wp-json\/wp\/v2\/product\/142","targetHints":{"allow":["GET"]}}],"collection":[{"href":"https:\/\/rotavots.lv\/en\/wp-json\/wp\/v2\/product"}],"about":[{"href":"https:\/\/rotavots.lv\/en\/wp-json\/wp\/v2\/types\/product"}],"replies":[{"embeddable":true,"href":"https:\/\/rotavots.lv\/en\/wp-json\/wp\/v2\/comments?post=142"}],"wp:featuredmedia":[{"embeddable":true,"href":"https:\/\/rotavots.lv\/en\/wp-json\/wp\/v2\/media\/143"}],"wp:attachment":[{"href":"https:\/\/rotavots.lv\/en\/wp-json\/wp\/v2\/media?parent=142"}],"wp:term":[{"taxonomy":"product_brand","embeddable":true,"href":"https:\/\/rotavots.lv\/en\/wp-json\/wp\/v2\/product_brand?post=142"},{"taxonomy":"product_cat","embeddable":true,"href":"https:\/\/rotavots.lv\/en\/wp-json\/wp\/v2\/product_cat?post=142"},{"taxonomy":"product_tag","embeddable":true,"href":"https:\/\/rotavots.lv\/en\/wp-json\/wp\/v2\/product_tag?post=142"}],"curies":[{"name":"wp","href":"https:\/\/api.w.org\/{rel}","templated":true}]}}