{"id":7,"date":"2026-04-07T08:40:14","date_gmt":"2026-04-07T08:40:14","guid":{"rendered":"https:\/\/rotavots.lv\/cart\/"},"modified":"2026-04-07T14:00:50","modified_gmt":"2026-04-07T11:00:50","slug":"cart","status":"publish","type":"page","link":"https:\/\/rotavots.lv\/en\/cart\/","title":{"rendered":"Basket"},"content":{"rendered":"<div data-block-name=\"woocommerce\/cart\" class=\"wp-block-woocommerce-cart alignwide is-loading\">\n<div data-block-name=\"woocommerce\/filled-cart-block\" class=\"wp-block-woocommerce-filled-cart-block\">\n<div data-block-name=\"woocommerce\/cart-items-block\" class=\"wp-block-woocommerce-cart-items-block\">\n<div data-block-name=\"woocommerce\/cart-line-items-block\" class=\"wp-block-woocommerce-cart-line-items-block\"><\/div>\n\n\n<\/div>\n\n\n\n<div data-block-name=\"woocommerce\/cart-totals-block\" class=\"wp-block-woocommerce-cart-totals-block\">\n<div data-block-name=\"woocommerce\/cart-order-summary-block\" class=\"wp-block-woocommerce-cart-order-summary-block\">\n<div data-block-name=\"woocommerce\/cart-order-summary-heading-block\" data-content=\"kopsavilkums\" class=\"wp-block-woocommerce-cart-order-summary-heading-block\"><\/div>\n\n\n\n<div data-block-name=\"woocommerce\/cart-order-summary-coupon-form-block\" class=\"wp-block-woocommerce-cart-order-summary-coupon-form-block\"><\/div>\n\n\n\n<div data-block-name=\"woocommerce\/cart-order-summary-totals-block\" class=\"wp-block-woocommerce-cart-order-summary-totals-block\">\n<div data-block-name=\"woocommerce\/cart-order-summary-subtotal-block\" class=\"wp-block-woocommerce-cart-order-summary-subtotal-block\"><\/div>\n\n\n\n<div data-block-name=\"woocommerce\/cart-order-summary-fee-block\" class=\"wp-block-woocommerce-cart-order-summary-fee-block\"><\/div>\n\n\n\n<div data-block-name=\"woocommerce\/cart-order-summary-discount-block\" class=\"wp-block-woocommerce-cart-order-summary-discount-block\"><\/div>\n\n\n\n<div data-block-name=\"woocommerce\/cart-order-summary-shipping-block\" class=\"wp-block-woocommerce-cart-order-summary-shipping-block\"><\/div>\n\n\n\n<div data-block-name=\"woocommerce\/cart-order-summary-taxes-block\" class=\"wp-block-woocommerce-cart-order-summary-taxes-block\"><\/div>\n<\/div>\n<\/div>\n\n\n\n<div data-block-name=\"woocommerce\/cart-express-payment-block\" class=\"wp-block-woocommerce-cart-express-payment-block\"><\/div>\n\n\n\n<div data-block-name=\"woocommerce\/proceed-to-checkout-block\" class=\"wp-block-woocommerce-proceed-to-checkout-block\"><\/div>\n\n\n\n<div data-block-name=\"woocommerce\/cart-accepted-payment-methods-block\" class=\"wp-block-woocommerce-cart-accepted-payment-methods-block\"><\/div>\n<\/div>\n<\/div>\n\n\n\n<div data-block-name=\"woocommerce\/empty-cart-block\" class=\"wp-block-woocommerce-empty-cart-block\">\n<h2 class=\"wp-block-heading has-text-align-center with-empty-cart-icon wc-block-cart__empty-cart__title\">Your cart is currently empty!<\/h2>\n\n\n\n<hr class=\"wp-block-separator has-alpha-channel-opacity is-style-dots\"\/>\n\n\n\n<h2 class=\"wp-block-heading has-text-align-center\">New in store<\/h2>\n\n\n<div data-block-name=\"woocommerce\/product-new\" data-columns=\"4\" data-rows=\"1\" class=\"wc-block-grid wp-block-product-new wp-block-woocommerce-product-new wc-block-product-new has-4-columns\"><ul class=\"wc-block-grid__products\"><li class=\"wc-block-grid__product\">\n\t\t\t\t<a href=\"https:\/\/rotavots.lv\/en\/shop\/rotas\/kaklarotas\/tamboreta-kaklarota-no-japanas-miyuki-seklinperlitem\/\" class=\"wc-block-grid__product-link\">\n\t\t\t\t\t\n\t\t\t\t\t<div class=\"wc-block-grid__product-image\"><img loading=\"lazy\" decoding=\"async\" width=\"300\" height=\"300\" src=\"https:\/\/rotavots.lv\/wp-content\/uploads\/2026\/04\/486529571_1579957886279175_6564118320392826818_n-300x300.jpg\" class=\"attachment-woocommerce_thumbnail size-woocommerce_thumbnail\" alt=\"Tambor\u0113ta kaklarota no Jap\u0101nas Miyuki s\u0113kli\u0146p\u0113rl\u012bt\u0113m\" srcset=\"https:\/\/rotavots.lv\/wp-content\/uploads\/2026\/04\/486529571_1579957886279175_6564118320392826818_n-300x300.jpg 300w, https:\/\/rotavots.lv\/wp-content\/uploads\/2026\/04\/486529571_1579957886279175_6564118320392826818_n-1024x1024.jpg 1024w, https:\/\/rotavots.lv\/wp-content\/uploads\/2026\/04\/486529571_1579957886279175_6564118320392826818_n-150x150.jpg 150w, https:\/\/rotavots.lv\/wp-content\/uploads\/2026\/04\/486529571_1579957886279175_6564118320392826818_n-768x768.jpg 768w, https:\/\/rotavots.lv\/wp-content\/uploads\/2026\/04\/486529571_1579957886279175_6564118320392826818_n-1536x1536.jpg 1536w, https:\/\/rotavots.lv\/wp-content\/uploads\/2026\/04\/486529571_1579957886279175_6564118320392826818_n-12x12.jpg 12w, https:\/\/rotavots.lv\/wp-content\/uploads\/2026\/04\/486529571_1579957886279175_6564118320392826818_n-600x600.jpg 600w, https:\/\/rotavots.lv\/wp-content\/uploads\/2026\/04\/486529571_1579957886279175_6564118320392826818_n-100x100.jpg 100w, https:\/\/rotavots.lv\/wp-content\/uploads\/2026\/04\/486529571_1579957886279175_6564118320392826818_n.jpg 2048w\" sizes=\"auto, (max-width: 300px) 100vw, 300px\" \/><\/div>\n\t\t\t\t\t<div class=\"wc-block-grid__product-title\">Tambor\u0113ta kaklarota no Jap\u0101nas Miyuki s\u0113kli\u0146p\u0113rl\u012bt\u0113m<\/div>\n\t\t\t\t<\/a>\n\t\t\t\t<div class=\"wc-block-grid__product-price price\"><span class=\"woocommerce-Price-amount amount\">30,00&nbsp;<span class=\"woocommerce-Price-currencySymbol\">&euro;<\/span><\/span><\/div>\n\t\t\t\t\n\t\t\t\t<div class=\"wp-block-button wc-block-grid__product-add-to-cart\"><a href=\"\" aria-label=\"Izst\u0101d\u0113 pie frizieres Ilzes\" data-quantity=\"1\" data-product_id=\"142\" data-product_sku=\"10002\" data-price=\"30\" rel=\"nofollow\" class=\"wp-block-button__link wp-element-button add_to_cart_button\">Izst\u0101d\u0113 pie frizieres Ilzes<\/a><\/div>\n\t\t\t<\/li><li class=\"wc-block-grid__product\">\n\t\t\t\t<a href=\"https:\/\/rotavots.lv\/en\/shop\/rotas\/akmens-lausku-un-plaisata-stikla-kaklarota\/\" class=\"wc-block-grid__product-link\">\n\t\t\t\t\t\n\t\t\t\t\t<div class=\"wc-block-grid__product-image\"><img loading=\"lazy\" decoding=\"async\" width=\"300\" height=\"300\" src=\"https:\/\/rotavots.lv\/wp-content\/uploads\/2026\/04\/488082825_1588200418788255_8365216980049553607_n-300x300.jpg\" class=\"attachment-woocommerce_thumbnail size-woocommerce_thumbnail\" alt=\"Akmens Lausku un Plais\u0101ta Stikla Kaklarota\" srcset=\"https:\/\/rotavots.lv\/wp-content\/uploads\/2026\/04\/488082825_1588200418788255_8365216980049553607_n-300x300.jpg 300w, https:\/\/rotavots.lv\/wp-content\/uploads\/2026\/04\/488082825_1588200418788255_8365216980049553607_n-1024x1024.jpg 1024w, https:\/\/rotavots.lv\/wp-content\/uploads\/2026\/04\/488082825_1588200418788255_8365216980049553607_n-150x150.jpg 150w, https:\/\/rotavots.lv\/wp-content\/uploads\/2026\/04\/488082825_1588200418788255_8365216980049553607_n-768x768.jpg 768w, https:\/\/rotavots.lv\/wp-content\/uploads\/2026\/04\/488082825_1588200418788255_8365216980049553607_n-1536x1536.jpg 1536w, https:\/\/rotavots.lv\/wp-content\/uploads\/2026\/04\/488082825_1588200418788255_8365216980049553607_n-12x12.jpg 12w, https:\/\/rotavots.lv\/wp-content\/uploads\/2026\/04\/488082825_1588200418788255_8365216980049553607_n-600x600.jpg 600w, https:\/\/rotavots.lv\/wp-content\/uploads\/2026\/04\/488082825_1588200418788255_8365216980049553607_n-100x100.jpg 100w, https:\/\/rotavots.lv\/wp-content\/uploads\/2026\/04\/488082825_1588200418788255_8365216980049553607_n.jpg 2048w\" sizes=\"auto, (max-width: 300px) 100vw, 300px\" \/><\/div>\n\t\t\t\t\t<div class=\"wc-block-grid__product-title\">Akmens Lausku un Plais\u0101ta Stikla Kaklarota<\/div>\n\t\t\t\t<\/a>\n\t\t\t\t<div class=\"wc-block-grid__product-price price\"><span class=\"woocommerce-Price-amount amount\">21,00&nbsp;<span class=\"woocommerce-Price-currencySymbol\">&euro;<\/span><\/span><\/div>\n\t\t\t\t<div class=\"wc-block-grid__product-rating\"><div class=\"star-rating\" role=\"img\" aria-label=\"Rated 5.00 out of 5\" data-no-translation-aria-label=\"\"><span style=\"width:100%\" data-no-translation=\"\" data-trp-gettext=\"\">Rated <strong class=\"rating\">5.00<\/strong> out of 5 based on <span class=\"rating\">1<\/span> customer rating<\/span><\/div><\/div>\n\t\t\t\t<div class=\"wp-block-button wc-block-grid__product-add-to-cart\"><a href=\"\/en\/wp-json\/wp\/v2\/pages\/7?add-to-cart=99\" aria-label=\"Add to basket: \u201cAkmens Lausku un Plais\u0101ta Stikla Kaklarota\u201d\" data-quantity=\"1\" data-product_id=\"99\" data-product_sku=\"100001\" data-price=\"21\" rel=\"nofollow\" class=\"wp-block-button__link wp-element-button add_to_cart_button ajax_add_to_cart\" data-no-translation=\"\" data-trp-gettext=\"\" data-no-translation-aria-label=\"\">Add to basket<\/a><\/div>\n\t\t\t<\/li><\/ul><\/div><\/div>\n<\/div>","protected":false},"excerpt":{"rendered":"","protected":false},"author":1,"featured_media":0,"parent":0,"menu_order":0,"comment_status":"closed","ping_status":"closed","template":"","meta":{"footnotes":""},"class_list":["post-7","page","type-page","status-publish","hentry"],"_hostinger_reach_plugin_has_subscription_block":false,"_hostinger_reach_plugin_is_elementor":false,"jetpack_sharing_enabled":true,"_links":{"self":[{"href":"https:\/\/rotavots.lv\/en\/wp-json\/wp\/v2\/pages\/7","targetHints":{"allow":["GET"]}}],"collection":[{"href":"https:\/\/rotavots.lv\/en\/wp-json\/wp\/v2\/pages"}],"about":[{"href":"https:\/\/rotavots.lv\/en\/wp-json\/wp\/v2\/types\/page"}],"author":[{"embeddable":true,"href":"https:\/\/rotavots.lv\/en\/wp-json\/wp\/v2\/users\/1"}],"replies":[{"embeddable":true,"href":"https:\/\/rotavots.lv\/en\/wp-json\/wp\/v2\/comments?post=7"}],"version-history":[{"count":2,"href":"https:\/\/rotavots.lv\/en\/wp-json\/wp\/v2\/pages\/7\/revisions"}],"predecessor-version":[{"id":26,"href":"https:\/\/rotavots.lv\/en\/wp-json\/wp\/v2\/pages\/7\/revisions\/26"}],"wp:attachment":[{"href":"https:\/\/rotavots.lv\/en\/wp-json\/wp\/v2\/media?parent=7"}],"curies":[{"name":"wp","href":"https:\/\/api.w.org\/{rel}","templated":true}]}}